{"id":14,"date":"2025-12-13T09:15:28","date_gmt":"2025-12-13T09:15:28","guid":{"rendered":"http:\/\/zeph-motion.fr\/?page_id=14"},"modified":"2026-01-08T08:31:58","modified_gmt":"2026-01-08T08:31:58","slug":"home","status":"publish","type":"page","link":"https:\/\/zeph-motion.fr\/","title":{"rendered":"Services et qualit\u00e9"},"content":{"rendered":"\n<div class=\"wp-block-cover alignfull is-light hestia-clear-top-padding has-x-large-font-size has-aspect-ratio\" style=\"border-width:8px;border-top-left-radius:57px;border-top-right-radius:57px;border-bottom-left-radius:57px;border-bottom-right-radius:57px;min-height:600px;aspect-ratio:auto;min-height:unset;\"><span aria-hidden=\"true\" class=\"wp-block-cover__background has-white-background-color has-background-dim-100 has-background-dim\"><\/span><div class=\"wp-block-cover__inner-container is-layout-flow wp-block-cover-is-layout-flow\">\n<div class=\"wp-block-columns container is-layout-flex wp-container-core-columns-is-layout-28f84493 wp-block-columns-is-layout-flex\">\n<div class=\"wp-block-column is-layout-flow wp-block-column-is-layout-flow\">\n<figure class=\"wp-block-gallery aligncenter has-nested-images columns-default is-cropped wp-block-gallery-1 is-layout-flex wp-block-gallery-is-layout-flex\">\n<figure class=\"wp-block-image alignfull size-full is-style-default\" style=\"margin-top:0;margin-right:0;margin-bottom:0;margin-left:0\"><img fetchpriority=\"high\" decoding=\"async\" width=\"1500\" height=\"1500\" data-id=\"81\" src=\"https:\/\/zeph-motion.fr\/wp-content\/uploads\/2026\/01\/site.png\" alt=\"\" class=\"wp-image-81\" srcset=\"https:\/\/zeph-motion.fr\/wp-content\/uploads\/2026\/01\/site.png 1500w, https:\/\/zeph-motion.fr\/wp-content\/uploads\/2026\/01\/site-300x300.png 300w, https:\/\/zeph-motion.fr\/wp-content\/uploads\/2026\/01\/site-1024x1024.png 1024w, https:\/\/zeph-motion.fr\/wp-content\/uploads\/2026\/01\/site-150x150.png 150w, https:\/\/zeph-motion.fr\/wp-content\/uploads\/2026\/01\/site-768x768.png 768w\" sizes=\"(max-width: 1500px) 100vw, 1500px\" \/><\/figure>\n<\/figure>\n<\/div>\n\n\n\n<div class=\"wp-block-column is-layout-flow wp-block-column-is-layout-flow\">\n<p class=\"has-text-align-left has-text-color\" style=\"color:#999999;font-size:14px\"><mark style=\"background-color:rgba(0, 0, 0, 0)\" class=\"has-inline-color has-black-color\"><strong>A L&rsquo;ECOUTE : <\/strong>Comprendre vos attentes, \u00e9valuer le budget, et d\u00e9finir une vid\u00e9o adapt\u00e9 \u00e0 vos besoins<\/mark><br><mark style=\"background-color:rgba(0, 0, 0, 0)\" class=\"has-inline-color has-black-color\"><br><strong>SCRIPT :<\/strong> Mise \u00e0 l&rsquo;\u00e9crit d&rsquo;id\u00e9es en collaboration pour l&rsquo;\u00e9tablissement d&rsquo;un script <\/mark><br><br><mark style=\"background-color:rgba(0, 0, 0, 0)\" class=\"has-inline-color has-black-color\"><strong>PRE-PRODUCTION : <\/strong>Rep\u00e9rage, pr\u00e9paration et coordination des diff\u00e9rents intervenants, organisation planning<\/mark><br><br><mark style=\"background-color:rgba(0, 0, 0, 0)\" class=\"has-inline-color has-black-color\"><strong>TOURNAGE : <\/strong>Mise en place du dispositif, direction des intervenants, captation image.<\/mark><br><br><mark style=\"background-color:rgba(0, 0, 0, 0)\" class=\"has-inline-color has-black-color\"><strong>POST-PRODUCTION : <\/strong>Mise en place du dispositif, direction des intervenants, captation image.<\/mark><br><br><mark style=\"background-color:rgba(0, 0, 0, 0)\" class=\"has-inline-color has-black-color\"><strong>LIVRAISON : <\/strong>Livraison dans le format, le ratio et codec optimiser pour vos besoins.<\/mark><\/p>\n\n\n\n<div style=\"height:25px\" aria-hidden=\"true\" class=\"wp-block-spacer\"><\/div>\n<\/div>\n<\/div>\n<\/div><\/div>\n\n\n\n<hr class=\"wp-block-separator alignfull has-alpha-channel-opacity is-style-wide\"\/>\n\n\n\n<div class=\"wp-block-columns container is-layout-flex wp-container-core-columns-is-layout-28f84493 wp-block-columns-is-layout-flex\">\n<div class=\"wp-block-column col-md-6 col-md-offset1 is-layout-flow wp-block-column-is-layout-flow\"><h2 class=\"wp-block-post-title\">Services et qualit\u00e9<\/h2>\n\n\n<p>AFTERMOVIE (Montage dynamique de vos soir\u00e9es, concert, festival, &#8230;)<\/p>\n<\/div>\n<\/div>\n\n\n\n<figure class=\"wp-block-image size-full\"><img decoding=\"async\" width=\"1920\" height=\"800\" src=\"https:\/\/zeph-motion.fr\/wp-content\/uploads\/2026\/01\/Evenement.png\" alt=\"\" class=\"wp-image-63\" style=\"object-fit:cover\" srcset=\"https:\/\/zeph-motion.fr\/wp-content\/uploads\/2026\/01\/Evenement.png 1920w, https:\/\/zeph-motion.fr\/wp-content\/uploads\/2026\/01\/Evenement-300x125.png 300w, https:\/\/zeph-motion.fr\/wp-content\/uploads\/2026\/01\/Evenement-1024x427.png 1024w, https:\/\/zeph-motion.fr\/wp-content\/uploads\/2026\/01\/Evenement-768x320.png 768w, https:\/\/zeph-motion.fr\/wp-content\/uploads\/2026\/01\/Evenement-1536x640.png 1536w\" sizes=\"(max-width: 1920px) 100vw, 1920px\" \/><\/figure>\n\n\n\n<p>CLIP MUSICAL (Tournage et montage de vos clips musicaux)<\/p>\n\n\n\n<figure class=\"wp-block-image size-full is-resized\"><img decoding=\"async\" width=\"1920\" height=\"800\" src=\"https:\/\/zeph-motion.fr\/wp-content\/uploads\/2026\/01\/clip.png\" alt=\"\" class=\"wp-image-65\" style=\"width:1800px\" srcset=\"https:\/\/zeph-motion.fr\/wp-content\/uploads\/2026\/01\/clip.png 1920w, https:\/\/zeph-motion.fr\/wp-content\/uploads\/2026\/01\/clip-300x125.png 300w, https:\/\/zeph-motion.fr\/wp-content\/uploads\/2026\/01\/clip-1024x427.png 1024w, https:\/\/zeph-motion.fr\/wp-content\/uploads\/2026\/01\/clip-768x320.png 768w, https:\/\/zeph-motion.fr\/wp-content\/uploads\/2026\/01\/clip-1536x640.png 1536w\" sizes=\"(max-width: 1920px) 100vw, 1920px\" \/><\/figure>\n\n\n\n<p>VIDEO PROMOTIONNEL (Mise en avant de votre commerce ou divers lieux)<\/p>\n\n\n\n<figure class=\"wp-block-image size-full is-resized\"><img loading=\"lazy\" decoding=\"async\" width=\"1920\" height=\"800\" src=\"https:\/\/zeph-motion.fr\/wp-content\/uploads\/2026\/01\/commerce.png\" alt=\"\" class=\"wp-image-66\" style=\"width:1800px\" srcset=\"https:\/\/zeph-motion.fr\/wp-content\/uploads\/2026\/01\/commerce.png 1920w, https:\/\/zeph-motion.fr\/wp-content\/uploads\/2026\/01\/commerce-300x125.png 300w, https:\/\/zeph-motion.fr\/wp-content\/uploads\/2026\/01\/commerce-1024x427.png 1024w, https:\/\/zeph-motion.fr\/wp-content\/uploads\/2026\/01\/commerce-768x320.png 768w, https:\/\/zeph-motion.fr\/wp-content\/uploads\/2026\/01\/commerce-1536x640.png 1536w\" sizes=\"(max-width: 1920px) 100vw, 1920px\" \/><\/figure>\n\n\n\n<p>VIDEO PUBLIOCITAIRE (Mise en avant de divers produits)<\/p>\n\n\n\n<figure class=\"wp-block-image size-full is-resized\"><img loading=\"lazy\" decoding=\"async\" width=\"1920\" height=\"800\" src=\"https:\/\/zeph-motion.fr\/wp-content\/uploads\/2026\/01\/montre.png\" alt=\"\" class=\"wp-image-67\" style=\"width:1800px\" srcset=\"https:\/\/zeph-motion.fr\/wp-content\/uploads\/2026\/01\/montre.png 1920w, https:\/\/zeph-motion.fr\/wp-content\/uploads\/2026\/01\/montre-300x125.png 300w, https:\/\/zeph-motion.fr\/wp-content\/uploads\/2026\/01\/montre-1024x427.png 1024w, https:\/\/zeph-motion.fr\/wp-content\/uploads\/2026\/01\/montre-768x320.png 768w, https:\/\/zeph-motion.fr\/wp-content\/uploads\/2026\/01\/montre-1536x640.png 1536w\" sizes=\"(max-width: 1920px) 100vw, 1920px\" \/><\/figure>\n\n\n\n<p>INTERVIEW DYNMAIQUE (Mise en avant d&rsquo;une personne ou d&rsquo;une profession) <\/p>\n\n\n\n<figure class=\"wp-block-image size-full is-resized\"><img loading=\"lazy\" decoding=\"async\" width=\"1920\" height=\"800\" src=\"http:\/\/zeph-motion.fr\/wp-content\/uploads\/2026\/01\/interview.png\" alt=\"\" class=\"wp-image-68\" style=\"width:1800px\" srcset=\"https:\/\/zeph-motion.fr\/wp-content\/uploads\/2026\/01\/interview.png 1920w, https:\/\/zeph-motion.fr\/wp-content\/uploads\/2026\/01\/interview-300x125.png 300w, https:\/\/zeph-motion.fr\/wp-content\/uploads\/2026\/01\/interview-1024x427.png 1024w, https:\/\/zeph-motion.fr\/wp-content\/uploads\/2026\/01\/interview-768x320.png 768w, https:\/\/zeph-motion.fr\/wp-content\/uploads\/2026\/01\/interview-1536x640.png 1536w\" sizes=\"(max-width: 1920px) 100vw, 1920px\" \/><\/figure>\n\n\n\n<p>Je reste \u00e0 votre disposition pour toutes autres demandes et je me r\u00e9serve le droit de refuser le projet si celui-ci ne me correspond pas. <\/p>\n\n\n\n<p><\/p>\n\n\n\n<p><\/p>\n","protected":false},"excerpt":{"rendered":"<p>AFTERMOVIE (Montage dynamique de vos soir\u00e9es, concert, festival, &#8230;) CLIP MUSICAL (Tournage et montage de vos clips musicaux) VIDEO PROMOTIONNEL (Mise en avant de votre commerce ou divers lieux) VIDEO PUBLIOCITAIRE (Mise en avant de divers produits) INTERVIEW DYNMAIQUE (Mise en avant d&rsquo;une personne ou d&rsquo;une profession) Je reste \u00e0 votre disposition pour toutes autres [&hellip;]<\/p>\n","protected":false},"author":1,"featured_media":0,"parent":0,"menu_order":0,"comment_status":"closed","ping_status":"closed","template":"page-templates\/template-fullwidth.php","meta":{"footnotes":""},"class_list":["post-14","page","type-page","status-publish","hentry"],"_links":{"self":[{"href":"https:\/\/zeph-motion.fr\/index.php?rest_route=\/wp\/v2\/pages\/14","targetHints":{"allow":["GET"]}}],"collection":[{"href":"https:\/\/zeph-motion.fr\/index.php?rest_route=\/wp\/v2\/pages"}],"about":[{"href":"https:\/\/zeph-motion.fr\/index.php?rest_route=\/wp\/v2\/types\/page"}],"author":[{"embeddable":true,"href":"https:\/\/zeph-motion.fr\/index.php?rest_route=\/wp\/v2\/users\/1"}],"replies":[{"embeddable":true,"href":"https:\/\/zeph-motion.fr\/index.php?rest_route=%2Fwp%2Fv2%2Fcomments&post=14"}],"version-history":[{"count":15,"href":"https:\/\/zeph-motion.fr\/index.php?rest_route=\/wp\/v2\/pages\/14\/revisions"}],"predecessor-version":[{"id":86,"href":"https:\/\/zeph-motion.fr\/index.php?rest_route=\/wp\/v2\/pages\/14\/revisions\/86"}],"wp:attachment":[{"href":"https:\/\/zeph-motion.fr\/index.php?rest_route=%2Fwp%2Fv2%2Fmedia&parent=14"}],"curies":[{"name":"wp","href":"https:\/\/api.w.org\/{rel}","templated":true}]}}