{"id":2,"date":"2025-12-13T00:07:36","date_gmt":"2025-12-13T00:07:36","guid":{"rendered":"http:\/\/zeph-motion.fr\/?page_id=2"},"modified":"2026-02-08T17:44:57","modified_gmt":"2026-02-08T17:44:57","slug":"mes-productions","status":"publish","type":"page","link":"https:\/\/zeph-motion.fr\/?page_id=2","title":{"rendered":"Mes productions"},"content":{"rendered":"\n<p class=\"has-text-align-center has-cyan-bluish-gray-background-color has-background has-superbfont-xxsmall-font-size\"><em><mark style=\"background-color:rgba(0, 0, 0, 0);color:#4f4f4f\" class=\"has-inline-color\">\u00ab Vid\u00e9os compress\u00e9es afin d\u2019\u00eatre visibles ici, ce qui entra\u00eene une baisse consid\u00e9rable de la qualit\u00e9. \u00bb<\/mark><\/em><\/p>\n\n\n\n<hr class=\"wp-block-separator aligncenter has-alpha-channel-opacity is-style-wide\"\/>\n\n\n\n<p class=\"has-text-align-center has-superbfont-small-font-size\"><mark style=\"background-color:rgba(0, 0, 0, 0)\" class=\"has-inline-color has-contrast-dark-color\">Vid\u00e9os \u00e9v\u00e9nementiels &amp; Clip Musicaux<\/mark><\/p>\n\n\n\n<figure class=\"wp-block-video\"><video height=\"720\" style=\"aspect-ratio: 1280 \/ 720;\" width=\"1280\" controls src=\"https:\/\/zeph-motion.fr\/wp-content\/uploads\/2026\/02\/490019a5-bfb9-4439-87ac-3c75404a346e.mov\"><\/video><\/figure>\n\n\n\n<p>(TRIAL INDOOR SHOW (Narbonne Arena) Projet Officiel &#8211; Zeph Motion)<\/p>\n\n\n\n<figure class=\"wp-block-video\"><video height=\"360\" style=\"aspect-ratio: 640 \/ 360;\" width=\"640\" controls src=\"https:\/\/zeph-motion.fr\/wp-content\/uploads\/2026\/01\/Erick-D-Imperio-Interdit-Radio-Edit-Clip-Officiel.mp4\"><\/video><\/figure>\n\n\n\n<p>(\u00a9<a href=\"https:\/\/www.youtube.com\/watch?v=zVQe_0nZYlI&amp;pp=ygUXZXJpY2sgZGVtcGVpcm8gaW50ZXJkaXTSBwkJTQoBhyohjO8%3D\">Erick D Imp\u00e9rio &#8211; Interdit (Radio Edit) [Clip Officiel]<\/a>)<\/p>\n\n\n\n<hr class=\"wp-block-separator aligncenter has-alpha-channel-opacity is-style-wide\"\/>\n\n\n\n<p class=\"has-text-align-center has-superbfont-small-font-size\"><mark style=\"background-color:rgba(0, 0, 0, 0)\" class=\"has-inline-color has-contrast-dark-color\">Vid\u00e9os promotionnels &amp; publicitaire<\/mark>s<\/p>\n\n\n\n<figure class=\"wp-block-video\"><video height=\"720\" style=\"aspect-ratio: 1280 \/ 720;\" width=\"1280\" controls src=\"https:\/\/zeph-motion.fr\/wp-content\/uploads\/2026\/01\/Car-edit.mov\"><\/video><\/figure>\n\n\n\n<p>(\u00a9ZephMotion : Car Edit &#8211; AUDI A3)<\/p>\n\n\n\n<figure class=\"wp-block-video\"><video height=\"720\" style=\"aspect-ratio: 1280 \/ 720;\" width=\"1280\" controls src=\"https:\/\/zeph-motion.fr\/wp-content\/uploads\/2026\/01\/Pub-Orfee-720.mov\"><\/video><\/figure>\n\n\n\n<p>(\u00a9ZephMotion : Projet non officiel &#8211; Cellier d&rsquo;Orf\u00e9e)<\/p>\n\n\n\n<figure class=\"wp-block-video\"><video height=\"720\" style=\"aspect-ratio: 1280 \/ 720;\" width=\"1280\" controls src=\"https:\/\/zeph-motion.fr\/wp-content\/uploads\/2026\/01\/MONTIGNAC-720.mov\"><\/video><\/figure>\n\n\n\n<p>(\u00a9ZephMotion : Projet non officiel &#8211; Montre Montignac)<\/p>\n\n\n\n<figure class=\"wp-block-video\"><video height=\"720\" style=\"aspect-ratio: 1280 \/ 720;\" width=\"1280\" controls src=\"https:\/\/zeph-motion.fr\/wp-content\/uploads\/2026\/01\/Pub-Etienne-720.mov\"><\/video><\/figure>\n\n\n\n<p>(\u00a9ZephMotion : Projet non officiel &#8211; Caf\u00e9 Etienne)<\/p>\n\n\n\n<hr class=\"wp-block-separator aligncenter has-alpha-channel-opacity is-style-wide\"\/>\n\n\n\n<p class=\"has-text-align-center has-superbfont-small-font-size\"><mark style=\"background-color:rgba(0, 0, 0, 0)\" class=\"has-inline-color has-contrast-dark-color\">Interview &amp; Documentaire<\/mark><\/p>\n\n\n\n<figure class=\"wp-block-video\"><video height=\"720\" style=\"aspect-ratio: 1280 \/ 720;\" width=\"1280\" controls src=\"https:\/\/zeph-motion.fr\/wp-content\/uploads\/2026\/01\/55964383-3526-4a1d-94c0-032c55c33388.mp4\"><\/video><\/figure>\n\n\n\n<p>(\u00a9ZephMotion : Le Bosphore Narbonne)<\/p>\n\n\n\n<hr class=\"wp-block-separator aligncenter has-alpha-channel-opacity is-style-wide\"\/>\n\n\n\n<p class=\"has-text-align-center has-superbfont-small-font-size\"><mark style=\"background-color:rgba(0, 0, 0, 0)\" class=\"has-inline-color has-contrast-dark-color\">R\u00e9seaux Sociaux<\/mark><\/p>\n\n\n\n<figure class=\"wp-block-video\"><video height=\"3840\" style=\"aspect-ratio: 2160 \/ 3840;\" width=\"2160\" controls src=\"https:\/\/zeph-motion.fr\/wp-content\/uploads\/2026\/02\/Arena-for-fun.mov\"><\/video><\/figure>\n\n\n\n<p>(\u00a9ZephMotion : Arena : Trial indoor Show)<\/p>\n\n\n\n<p><\/p>\n\n\n\n<p><\/p>\n","protected":false},"excerpt":{"rendered":"<p>\u00ab Vid\u00e9os compress\u00e9es afin d\u2019\u00eatre visibles ici, ce qui entra\u00eene une baisse consid\u00e9rable de la qualit\u00e9. \u00bb Vid\u00e9os \u00e9v\u00e9nementiels &amp; Clip Musicaux (TRIAL INDOOR SHOW (Narbonne Arena) Projet Officiel &#8211; Zeph Motion) (\u00a9Erick D Imp\u00e9rio &#8211; Interdit (Radio Edit) [Clip Officiel]) Vid\u00e9os promotionnels &amp; publicitaires (\u00a9ZephMotion : Car Edit &#8211; AUDI A3) (\u00a9ZephMotion : Projet [&hellip;]<\/p>\n","protected":false},"author":1,"featured_media":0,"parent":0,"menu_order":0,"comment_status":"closed","ping_status":"closed","template":"","meta":{"footnotes":""},"class_list":["post-2","page","type-page","status-publish","hentry"],"_links":{"self":[{"href":"https:\/\/zeph-motion.fr\/index.php?rest_route=\/wp\/v2\/pages\/2","targetHints":{"allow":["GET"]}}],"collection":[{"href":"https:\/\/zeph-motion.fr\/index.php?rest_route=\/wp\/v2\/pages"}],"about":[{"href":"https:\/\/zeph-motion.fr\/index.php?rest_route=\/wp\/v2\/types\/page"}],"author":[{"embeddable":true,"href":"https:\/\/zeph-motion.fr\/index.php?rest_route=\/wp\/v2\/users\/1"}],"replies":[{"embeddable":true,"href":"https:\/\/zeph-motion.fr\/index.php?rest_route=%2Fwp%2Fv2%2Fcomments&post=2"}],"version-history":[{"count":20,"href":"https:\/\/zeph-motion.fr\/index.php?rest_route=\/wp\/v2\/pages\/2\/revisions"}],"predecessor-version":[{"id":195,"href":"https:\/\/zeph-motion.fr\/index.php?rest_route=\/wp\/v2\/pages\/2\/revisions\/195"}],"wp:attachment":[{"href":"https:\/\/zeph-motion.fr\/index.php?rest_route=%2Fwp%2Fv2%2Fmedia&parent=2"}],"curies":[{"name":"wp","href":"https:\/\/api.w.org\/{rel}","templated":true}]}}